{"id":2,"date":"2017-10-30T15:55:18","date_gmt":"2017-10-30T14:55:18","guid":{"rendered":"http:\/\/touttrace.fr\/?page_id=2"},"modified":"2026-01-23T15:51:46","modified_gmt":"2026-01-23T14:51:46","slug":"page-d-exemple","status":"publish","type":"page","link":"https:\/\/touttrace.fr\/","title":{"rendered":"\u00c0 propos&#8230;"},"content":{"rendered":"<h1>Comment avoir un discours, une balade, une lecture Tout Trac\u00e9 ?<\/h1>\n<ul>\n<li><strong>se faire \u00e9crire<\/strong> <strong>une lettre ou un discours<\/strong> gagnant avec la meilleure chance de capter l&rsquo;attention, de se montrer convaincant,\u00a0 de s\u00e9duire son auditoire&#8230;?<\/li>\n<li><strong>se faire pr\u00e9parer<\/strong> <strong>une balade<\/strong> \u00e0 VTT ou \u00e0 pied mais aussi en voiture ou en moto avec l&rsquo;efficacit\u00e9 d&rsquo;un voyagiste et la simplicit\u00e9 de l&rsquo;itin\u00e9rance embarqu\u00e9e sur smartphone&#8230;?<\/li>\n<li><strong>se faire raconter une histoire<\/strong> chez soi ou en public avec l&rsquo;enthousiasme du narrateur et l&rsquo;aisance de la d\u00e9marche culturelle&#8230;?<\/li>\n<\/ul>\n<p>Soyez les bienvenus sur la plateforme de prestations de services &lsquo;Tout Trac\u00e9&rsquo; qui adresse son public suivant trois Univers d&rsquo;activit\u00e9s :<\/p>\n<p><b>1<\/b>-Conception de livres, lettres, discours et hommages : &lsquo;J&rsquo;\u00e9cris pour vous !&rsquo;<br \/>\n<em>(Grand Public ou Entreprises)<br \/>\n<\/em><\/p>\n<p><b>2<\/b>-Ing\u00e9nierie d&rsquo;itin\u00e9raires de randonn\u00e9es : &lsquo;Je trace pour vous !&rsquo;<br \/>\n<em>(Collectivit\u00e9s Locales initialement mais <strong>\u00e9galement particuliers<\/strong> en qu\u00eate de balades en voiture, en moto, \u00e0 pied ou \u00e0 v\u00e9lo)<br \/>\n<\/em><\/p>\n<p><strong>3<\/strong>-Accompagnement \u00e0 la lecture : &lsquo;Je lis pour vous !&rsquo;<br \/>\n<em>(Public concern\u00e9)<\/em><\/p>\n<p>Partez \u00e0 leur d\u00e9couverte en cliquant directement sur l&rsquo;Univers qui vous int\u00e9resse selon vos besoins&#8230;<\/p>\n<hr \/>\n<p><strong><a href=\"http:\/\/touttrace.fr\/?page_id=34\"><img data-attachment-id=\"11\" data-permalink=\"https:\/\/touttrace.fr\/?attachment_id=11\" data-orig-file=\"https:\/\/i0.wp.com\/touttrace.fr\/wp-content\/uploads\/2017\/10\/Activit\u00e9s-TT-\u00e9crit-pour-vous-.jpg?fit=434%2C393&amp;ssl=1\" data-orig-size=\"434,393\" data-comments-opened=\"1\" data-image-meta=\"{&quot;aperture&quot;:&quot;0&quot;,&quot;credit&quot;:&quot;&quot;,&quot;camera&quot;:&quot;&quot;,&quot;caption&quot;:&quot;&quot;,&quot;created_timestamp&quot;:&quot;0&quot;,&quot;copyright&quot;:&quot;&quot;,&quot;focal_length&quot;:&quot;0&quot;,&quot;iso&quot;:&quot;0&quot;,&quot;shutter_speed&quot;:&quot;0&quot;,&quot;title&quot;:&quot;&quot;,&quot;orientation&quot;:&quot;0&quot;}\" data-image-title=\"Activit\u00e9s TT \u00e9crit pour vous !\" data-image-description=\"\" data-medium-file=\"https:\/\/i0.wp.com\/touttrace.fr\/wp-content\/uploads\/2017\/10\/Activit\u00e9s-TT-\u00e9crit-pour-vous-.jpg?fit=300%2C272&amp;ssl=1\" data-large-file=\"https:\/\/i0.wp.com\/touttrace.fr\/wp-content\/uploads\/2017\/10\/Activit\u00e9s-TT-\u00e9crit-pour-vous-.jpg?fit=434%2C393&amp;ssl=1\" decoding=\"async\" loading=\"lazy\" class=\"alignleft wp-image-11 size-medium\" src=\"https:\/\/i1.wp.com\/touttrace.fr\/wp-content\/uploads\/2017\/10\/Activit\u00e9s-TT-\u00e9crit-pour-vous--300x272.jpg?resize=300%2C272\" alt=\"\" width=\"300\" height=\"272\" srcset=\"https:\/\/i0.wp.com\/touttrace.fr\/wp-content\/uploads\/2017\/10\/Activit\u00e9s-TT-\u00e9crit-pour-vous-.jpg?resize=300%2C272&amp;ssl=1 300w, https:\/\/i0.wp.com\/touttrace.fr\/wp-content\/uploads\/2017\/10\/Activit\u00e9s-TT-\u00e9crit-pour-vous-.jpg?w=434&amp;ssl=1 434w\" sizes=\"(max-width: 300px) 100vw, 300px\" data-recalc-dims=\"1\" \/><\/a><span style=\"color: #0052ff;\">Pour en savoir plus sur l&rsquo;offre de services &lsquo;Tout Trac\u00e9&rsquo; J&rsquo;\u00e9cris pour vous ! destin\u00e9e aux personnes pr\u00eates \u00e0 d\u00e9l\u00e9guer l&rsquo;\u00e9criture d&rsquo;une lettre ou d&rsquo;un discours bien construit et appr\u00e9ci\u00e9 de tous<\/span>\u00a0 <a href=\"https:\/\/touttrace.fr\/?page_id=34\" target=\"_blank\" rel=\"noopener\">\u2192<\/a><\/strong><\/p>\n<hr \/>\n<p><img data-attachment-id=\"126\" data-permalink=\"https:\/\/touttrace.fr\/?attachment_id=126\" data-orig-file=\"https:\/\/i2.wp.com\/touttrace.fr\/wp-content\/uploads\/2017\/12\/Activit\u00e9s-TT-roule-pour-vous-.jpg?fit=379%2C372&amp;ssl=1\" data-orig-size=\"379,372\" data-comments-opened=\"1\" data-image-meta=\"{&quot;aperture&quot;:&quot;0&quot;,&quot;credit&quot;:&quot;&quot;,&quot;camera&quot;:&quot;&quot;,&quot;caption&quot;:&quot;&quot;,&quot;created_timestamp&quot;:&quot;0&quot;,&quot;copyright&quot;:&quot;&quot;,&quot;focal_length&quot;:&quot;0&quot;,&quot;iso&quot;:&quot;0&quot;,&quot;shutter_speed&quot;:&quot;0&quot;,&quot;title&quot;:&quot;&quot;,&quot;orientation&quot;:&quot;0&quot;}\" data-image-title=\"Activit\u00e9s TT roule pour vous !\" data-image-description=\"\" data-medium-file=\"https:\/\/i2.wp.com\/touttrace.fr\/wp-content\/uploads\/2017\/12\/Activit\u00e9s-TT-roule-pour-vous-.jpg?fit=300%2C294&amp;ssl=1\" data-large-file=\"https:\/\/i2.wp.com\/touttrace.fr\/wp-content\/uploads\/2017\/12\/Activit\u00e9s-TT-roule-pour-vous-.jpg?fit=379%2C372&amp;ssl=1\" decoding=\"async\" loading=\"lazy\" class=\"alignleft wp-image-126 \" src=\"https:\/\/i2.wp.com\/touttrace.fr\/wp-content\/uploads\/2017\/12\/Activit\u00e9s-TT-roule-pour-vous-.jpg?resize=304%2C298&#038;ssl=1\" alt=\"\" width=\"304\" height=\"298\" srcset=\"https:\/\/i2.wp.com\/touttrace.fr\/wp-content\/uploads\/2017\/12\/Activit\u00e9s-TT-roule-pour-vous-.jpg?resize=300%2C294&amp;ssl=1 300w, https:\/\/i2.wp.com\/touttrace.fr\/wp-content\/uploads\/2017\/12\/Activit\u00e9s-TT-roule-pour-vous-.jpg?w=379&amp;ssl=1 379w\" sizes=\"(max-width: 304px) 100vw, 304px\" data-recalc-dims=\"1\" \/><\/p>\n<blockquote><p><span style=\"color: #52ff00;\"><strong>Pour en savoir plus sur l&rsquo;offre de services &lsquo;Tout Trac\u00e9&rsquo; Je trace pour vous ! destin\u00e9e aux particuliers\u00a0<b>\u00a0<a href=\"http:\/\/touttrace.fr\/?page_id=78\" target=\"_blank\" rel=\"noopener\">\u00a0<\/a><\/b><a href=\"http:\/\/touttrace.fr\/?page_id=78\" target=\"_blank\" rel=\"noopener\">\u2192<\/a>\u00a0 <\/strong><\/span><span style=\"color: #52ff00;\"><strong>Si vous \u00eates une Collectivit\u00e9 Locale ou un Office de Tourisme alors\u00a0rdv sur le site <\/strong><a href=\"http:\/\/touttrace.com\"><strong>h<\/strong>ttp:\/\/touttrace.com<br \/>\n<\/a><br \/>\n<\/span><\/p><\/blockquote>\n<hr \/>\n<p><a href=\"http:\/\/touttrace.fr\/?page_id=42\"><img data-attachment-id=\"12\" data-permalink=\"https:\/\/touttrace.fr\/?attachment_id=12\" data-orig-file=\"https:\/\/i2.wp.com\/touttrace.fr\/wp-content\/uploads\/2017\/10\/Activit\u00e9s-TT-lit-pour-vous-.jpg?fit=444%2C439&amp;ssl=1\" data-orig-size=\"444,439\" data-comments-opened=\"1\" data-image-meta=\"{&quot;aperture&quot;:&quot;0&quot;,&quot;credit&quot;:&quot;&quot;,&quot;camera&quot;:&quot;&quot;,&quot;caption&quot;:&quot;&quot;,&quot;created_timestamp&quot;:&quot;0&quot;,&quot;copyright&quot;:&quot;&quot;,&quot;focal_length&quot;:&quot;0&quot;,&quot;iso&quot;:&quot;0&quot;,&quot;shutter_speed&quot;:&quot;0&quot;,&quot;title&quot;:&quot;&quot;,&quot;orientation&quot;:&quot;1&quot;}\" data-image-title=\"Activit\u00e9s TT lit pour vous !\" data-image-description=\"\" data-medium-file=\"https:\/\/i2.wp.com\/touttrace.fr\/wp-content\/uploads\/2017\/10\/Activit\u00e9s-TT-lit-pour-vous-.jpg?fit=300%2C297&amp;ssl=1\" data-large-file=\"https:\/\/i2.wp.com\/touttrace.fr\/wp-content\/uploads\/2017\/10\/Activit\u00e9s-TT-lit-pour-vous-.jpg?fit=444%2C439&amp;ssl=1\" decoding=\"async\" loading=\"lazy\" class=\"alignleft wp-image-12 size-medium\" src=\"https:\/\/i2.wp.com\/touttrace.fr\/wp-content\/uploads\/2017\/10\/Activit\u00e9s-TT-lit-pour-vous--300x297.jpg?resize=300%2C297\" alt=\"\" width=\"300\" height=\"297\" srcset=\"https:\/\/i2.wp.com\/touttrace.fr\/wp-content\/uploads\/2017\/10\/Activit\u00e9s-TT-lit-pour-vous-.jpg?resize=300%2C297&amp;ssl=1 300w, https:\/\/i2.wp.com\/touttrace.fr\/wp-content\/uploads\/2017\/10\/Activit\u00e9s-TT-lit-pour-vous-.jpg?resize=150%2C150&amp;ssl=1 150w, https:\/\/i2.wp.com\/touttrace.fr\/wp-content\/uploads\/2017\/10\/Activit\u00e9s-TT-lit-pour-vous-.jpg?resize=100%2C100&amp;ssl=1 100w, https:\/\/i2.wp.com\/touttrace.fr\/wp-content\/uploads\/2017\/10\/Activit\u00e9s-TT-lit-pour-vous-.jpg?w=444&amp;ssl=1 444w\" sizes=\"(max-width: 300px) 100vw, 300px\" data-recalc-dims=\"1\" \/><\/a><strong><span style=\"color: #770000;\"><br \/>\nPour en savoir plus sur l&rsquo;offre de services &lsquo;Tout Trac\u00e9&rsquo; Je lis pour vous !\u00a0 destin\u00e9e aux personnes d\u00e9sireuses de se faire raconter, dans leur lieu de vie, toute ou partie d&rsquo;un livre de leur choix\u00a0<a href=\"http:\/\/touttrace.fr\/?page_id=42\" target=\"_blank\" rel=\"noopener\">\u2192<\/a><\/span><\/strong><\/p>\n<hr \/>\n<table>\n<tbody>\n<tr>\n<td><\/td>\n<\/tr>\n<\/tbody>\n<\/table>\n<p>Pour me contacter :\u00a0 \u00a0 \u00a0 \u00a0 \u00a0 \u00a0 \u00a0 \u00a0 \u00a0 \u00a0 \u00a0 \u00a0 \u00a0 \u00a0 \u00a0 \u00a0 \u00a0 \u00a0 \u00a0 \u00a0 \u00a0 \u00a0 \u00a0 \u00a0 \u00a0 \u00a0 \u00a0 \u00a0 \u00a0 \u00a0 \u00a0 \u00a0 \u00a0 \u00a0 Pour recevoir mon livre<br \/>\n\u00e9crire \u00e0 <strong><span style=\"color: #0000ff;\">claude.martinez@touttrace.com<\/span>\u00a0<\/strong>ou\u00a0 \u00a0 \u00a0 \u00a0 \u00a0 \u00a0 \u00a0 \u00a0 \u00a0 \u00a0 \u00a0 \u00a0 \u00a0 \u00a0 \u00a0 \u00a0 \u00a0au prix de 35\u20ac<br \/>\nappeler le <strong><span style=\"color: #0000ff;\">06 89 87 67 10\u00a0 \u00a0 \u00a0 \u00a0 \u00a0 \u00a0 \u00a0 \u00a0 \u00a0 \u00a0 \u00a0 \u00a0 \u00a0 \u00a0 \u00a0 \u00a0 \u00a0 \u00a0 \u00a0 \u00a0 \u00a0 \u00a0 \u00a0 \u00a0 \u00a0 \u00a0 \u00a0 \u00a0 \u00a0 \u00a0 \u00a0 \u00a0 <a href=\"https:\/\/www.pumbo.fr\/boutique\/code\/70028823\">Site Pumbo.fr<\/a>\u00a0 saisir code 818<\/span><\/strong><\/p>\n<p>SIREN 823 195 334<\/p>\n","protected":false},"excerpt":{"rendered":"<p>Comment avoir un discours, une balade, une lecture Tout Trac\u00e9 ? se faire \u00e9crire une lettre ou un discours gagnant avec la meilleure chance de capter l&rsquo;attention, de se montrer convaincant,\u00a0 de s\u00e9duire son auditoire&#8230;? se faire pr\u00e9parer une balade \u00e0 VTT ou \u00e0 pied mais aussi en voiture ou en moto avec l&rsquo;efficacit\u00e9 d&rsquo;un &hellip; <\/p>\n<p class=\"link-more\"><a href=\"https:\/\/touttrace.fr\/\" class=\"more-link\">Continuer la lecture<span class=\"screen-reader-text\"> de &laquo;&nbsp;\u00c0 propos&#8230;&nbsp;&raquo;<\/span><\/a><\/p>\n","protected":false},"author":1,"featured_media":0,"parent":0,"menu_order":0,"comment_status":"closed","ping_status":"open","template":"","meta":[],"yoast_head":"<!-- This site is optimized with the Yoast SEO plugin v15.6.2 - https:\/\/yoast.com\/wordpress\/plugins\/seo\/ -->\n<title>\u00c0 propos... - Tout Trac\u00e9<\/title>\n<meta name=\"robots\" content=\"index, follow, max-snippet:-1, max-image-preview:large, max-video-preview:-1\" \/>\n<link rel=\"canonical\" href=\"https:\/\/touttrace.fr\/\" \/>\n<meta property=\"og:locale\" content=\"fr_FR\" \/>\n<meta property=\"og:type\" content=\"article\" \/>\n<meta property=\"og:title\" content=\"\u00c0 propos... - Tout Trac\u00e9\" \/>\n<meta property=\"og:description\" content=\"Comment avoir un discours, une balade, une lecture Tout Trac\u00e9 ? se faire \u00e9crire une lettre ou un discours gagnant avec la meilleure chance de capter l&rsquo;attention, de se montrer convaincant,\u00a0 de s\u00e9duire son auditoire&#8230;? se faire pr\u00e9parer une balade \u00e0 VTT ou \u00e0 pied mais aussi en voiture ou en moto avec l&rsquo;efficacit\u00e9 d&rsquo;un &hellip; Continuer la lecture de &laquo;&nbsp;\u00c0 propos&#8230;&nbsp;&raquo;\" \/>\n<meta property=\"og:url\" content=\"https:\/\/touttrace.fr\/\" \/>\n<meta property=\"og:site_name\" content=\"Tout Trac\u00e9\" \/>\n<meta property=\"article:modified_time\" content=\"2026-01-23T14:51:46+00:00\" \/>\n<meta property=\"og:image\" content=\"http:\/\/touttrace.fr\/wp-content\/uploads\/2017\/10\/Activit\u00e9s-TT-\u00e9crit-pour-vous--300x272.jpg\" \/>\n<meta name=\"twitter:card\" content=\"summary_large_image\" \/>\n<meta name=\"twitter:label1\" content=\"Dur\u00e9e de lecture est.\">\n\t<meta name=\"twitter:data1\" content=\"2 minutes\">\n<script type=\"application\/ld+json\" class=\"yoast-schema-graph\">{\"@context\":\"https:\/\/schema.org\",\"@graph\":[{\"@type\":\"WebSite\",\"@id\":\"https:\/\/touttrace.fr\/#website\",\"url\":\"https:\/\/touttrace.fr\/\",\"name\":\"Tout Trac\\u00e9\",\"description\":\"Je trace pour vous !\",\"potentialAction\":[{\"@type\":\"SearchAction\",\"target\":\"https:\/\/touttrace.fr\/?s={search_term_string}\",\"query-input\":\"required name=search_term_string\"}],\"inLanguage\":\"fr-FR\"},{\"@type\":\"ImageObject\",\"@id\":\"https:\/\/touttrace.fr\/#primaryimage\",\"inLanguage\":\"fr-FR\",\"url\":\"http:\/\/touttrace.fr\/wp-content\/uploads\/2017\/10\/Activit\\u00e9s-TT-\\u00e9crit-pour-vous--300x272.jpg\"},{\"@type\":\"WebPage\",\"@id\":\"https:\/\/touttrace.fr\/#webpage\",\"url\":\"https:\/\/touttrace.fr\/\",\"name\":\"\\u00c0 propos... - Tout Trac\\u00e9\",\"isPartOf\":{\"@id\":\"https:\/\/touttrace.fr\/#website\"},\"primaryImageOfPage\":{\"@id\":\"https:\/\/touttrace.fr\/#primaryimage\"},\"datePublished\":\"2017-10-30T14:55:18+00:00\",\"dateModified\":\"2026-01-23T14:51:46+00:00\",\"inLanguage\":\"fr-FR\",\"potentialAction\":[{\"@type\":\"ReadAction\",\"target\":[\"https:\/\/touttrace.fr\/\"]}]}]}<\/script>\n<!-- \/ Yoast SEO plugin. -->","_links":{"self":[{"href":"https:\/\/touttrace.fr\/index.php?rest_route=\/wp\/v2\/pages\/2"}],"collection":[{"href":"https:\/\/touttrace.fr\/index.php?rest_route=\/wp\/v2\/pages"}],"about":[{"href":"https:\/\/touttrace.fr\/index.php?rest_route=\/wp\/v2\/types\/page"}],"author":[{"embeddable":true,"href":"https:\/\/touttrace.fr\/index.php?rest_route=\/wp\/v2\/users\/1"}],"replies":[{"embeddable":true,"href":"https:\/\/touttrace.fr\/index.php?rest_route=%2Fwp%2Fv2%2Fcomments&post=2"}],"version-history":[{"count":60,"href":"https:\/\/touttrace.fr\/index.php?rest_route=\/wp\/v2\/pages\/2\/revisions"}],"predecessor-version":[{"id":301,"href":"https:\/\/touttrace.fr\/index.php?rest_route=\/wp\/v2\/pages\/2\/revisions\/301"}],"wp:attachment":[{"href":"https:\/\/touttrace.fr\/index.php?rest_route=%2Fwp%2Fv2%2Fmedia&parent=2"}],"curies":[{"name":"wp","href":"https:\/\/api.w.org\/{rel}","templated":true}]}}