{"id":42,"date":"2017-10-31T16:44:07","date_gmt":"2017-10-31T15:44:07","guid":{"rendered":"http:\/\/touttrace.fr\/?page_id=42"},"modified":"2018-08-31T17:08:58","modified_gmt":"2018-08-31T15:08:58","slug":"je-lis-pour-vous","status":"publish","type":"page","link":"https:\/\/touttrace.fr\/?page_id=42","title":{"rendered":"Je lis pour vous !"},"content":{"rendered":"<h1>Se faire lire un livre chez soi !<\/h1>\n<p>Pour b\u00e9n\u00e9ficier de l&rsquo;offre &lsquo;Je lis pour vous !&rsquo;, il convient de faire appel \u00e0 ma prestation de service \u00e0 la personne qui consiste tout simplement \u00e0 se d\u00e9placer sur votre lieu de vie pour venir lire, conter, raconter, bouquiner, feuilleter,\u00a0 d\u00e9vorer, r\u00e9citer, parcourir&#8230;une histoire de votre choix ou sur recherche par centre d&rsquo;int\u00e9r\u00eats.<\/p>\n<p>La prestation de lecture \u00e0 voix haute s&rsquo;appuie sur un contrat de confiance avec le demandeur qui est le ma\u00eetre du temps tandis que le lecteur rend le texte intelligible par sa diction, son style, sa respiration, sa musicalit\u00e9&#8230;<br \/>\nD\u00e8s lors la prestation personnalis\u00e9e s&rsquo;\u00e9tablit suivant un tarif avantageux en guise d&rsquo;offre de lancement :<\/p>\n<p>&#8211;&gt; forfait individuel 1\/2 journ\u00e9e (3h30 pr\u00e9sence-3h lecture) &#8211; <span style=\"color: #ff0000;\"><strong>80\u20ac<\/strong><\/span> ; heure lecture <span style=\"color: #ff0000;\"><strong>25\u20ac<\/strong><\/span><br \/>\n&#8211;&gt; forfait collectif 1\/2 journ\u00e9e (2h pr\u00e9sence sur site -1h30 lecture) &#8211; <span style=\"color: #ff0000;\"><strong>100\u20ac<\/strong><\/span> ;<\/p>\n<p>+ forfait d\u00e9placement A\/R (gratuit &lt; 10 km ; 5\u20ac &lt; 50 km ; 10\u20ac &lt; 100 km ;<br \/>\ndevis &gt; 100 km)<\/p>\n<p><span style=\"color: #ff0000;\">Il est temps de se laisser porter par ma lecture en optant pour cette voie simple et originale dans la d\u00e9couverte et la confidentialit\u00e9 cela va sans dire&#8230;<\/span><\/p>\n<p style=\"text-align: right;\"><a href=\"http:\/\/touttrace.fr\/\">retour accueil<\/a><\/p>\n","protected":false},"excerpt":{"rendered":"<p>Se faire lire un livre chez soi ! Pour b\u00e9n\u00e9ficier de l&rsquo;offre &lsquo;Je lis pour vous !&rsquo;, il convient de faire appel \u00e0 ma prestation de service \u00e0 la personne qui consiste tout simplement \u00e0 se d\u00e9placer sur votre lieu de vie pour venir lire, conter, raconter, bouquiner, feuilleter,\u00a0 d\u00e9vorer, r\u00e9citer, parcourir&#8230;une histoire de votre &hellip; <\/p>\n<p class=\"link-more\"><a href=\"https:\/\/touttrace.fr\/?page_id=42\" class=\"more-link\">Continuer la lecture<span class=\"screen-reader-text\"> de &laquo;&nbsp;Je lis pour vous !&nbsp;&raquo;<\/span><\/a><\/p>\n","protected":false},"author":1,"featured_media":0,"parent":0,"menu_order":0,"comment_status":"closed","ping_status":"closed","template":"","meta":[],"yoast_head":"<!-- This site is optimized with the Yoast SEO plugin v15.6.2 - https:\/\/yoast.com\/wordpress\/plugins\/seo\/ -->\n<title>Je lis pour vous ! - Tout Trac\u00e9<\/title>\n<meta name=\"robots\" content=\"index, follow, max-snippet:-1, max-image-preview:large, max-video-preview:-1\" \/>\n<link rel=\"canonical\" href=\"https:\/\/touttrace.fr\/?page_id=42\" \/>\n<meta property=\"og:locale\" content=\"fr_FR\" \/>\n<meta property=\"og:type\" content=\"article\" \/>\n<meta property=\"og:title\" content=\"Je lis pour vous ! - Tout Trac\u00e9\" \/>\n<meta property=\"og:description\" content=\"Se faire lire un livre chez soi ! Pour b\u00e9n\u00e9ficier de l&rsquo;offre &lsquo;Je lis pour vous !&rsquo;, il convient de faire appel \u00e0 ma prestation de service \u00e0 la personne qui consiste tout simplement \u00e0 se d\u00e9placer sur votre lieu de vie pour venir lire, conter, raconter, bouquiner, feuilleter,\u00a0 d\u00e9vorer, r\u00e9citer, parcourir&#8230;une histoire de votre &hellip; Continuer la lecture de &laquo;&nbsp;Je lis pour vous !&nbsp;&raquo;\" \/>\n<meta property=\"og:url\" content=\"https:\/\/touttrace.fr\/?page_id=42\" \/>\n<meta property=\"og:site_name\" content=\"Tout Trac\u00e9\" \/>\n<meta property=\"article:modified_time\" content=\"2018-08-31T15:08:58+00:00\" \/>\n<meta name=\"twitter:card\" content=\"summary_large_image\" \/>\n<meta name=\"twitter:label1\" content=\"Dur\u00e9e de lecture est.\">\n\t<meta name=\"twitter:data1\" content=\"1 minute\">\n<script type=\"application\/ld+json\" class=\"yoast-schema-graph\">{\"@context\":\"https:\/\/schema.org\",\"@graph\":[{\"@type\":\"WebSite\",\"@id\":\"https:\/\/touttrace.fr\/#website\",\"url\":\"https:\/\/touttrace.fr\/\",\"name\":\"Tout Trac\\u00e9\",\"description\":\"Je trace pour vous !\",\"potentialAction\":[{\"@type\":\"SearchAction\",\"target\":\"https:\/\/touttrace.fr\/?s={search_term_string}\",\"query-input\":\"required name=search_term_string\"}],\"inLanguage\":\"fr-FR\"},{\"@type\":\"WebPage\",\"@id\":\"https:\/\/touttrace.fr\/?page_id=42#webpage\",\"url\":\"https:\/\/touttrace.fr\/?page_id=42\",\"name\":\"Je lis pour vous ! - Tout Trac\\u00e9\",\"isPartOf\":{\"@id\":\"https:\/\/touttrace.fr\/#website\"},\"datePublished\":\"2017-10-31T15:44:07+00:00\",\"dateModified\":\"2018-08-31T15:08:58+00:00\",\"inLanguage\":\"fr-FR\",\"potentialAction\":[{\"@type\":\"ReadAction\",\"target\":[\"https:\/\/touttrace.fr\/?page_id=42\"]}]}]}<\/script>\n<!-- \/ Yoast SEO plugin. -->","_links":{"self":[{"href":"https:\/\/touttrace.fr\/index.php?rest_route=\/wp\/v2\/pages\/42"}],"collection":[{"href":"https:\/\/touttrace.fr\/index.php?rest_route=\/wp\/v2\/pages"}],"about":[{"href":"https:\/\/touttrace.fr\/index.php?rest_route=\/wp\/v2\/types\/page"}],"author":[{"embeddable":true,"href":"https:\/\/touttrace.fr\/index.php?rest_route=\/wp\/v2\/users\/1"}],"replies":[{"embeddable":true,"href":"https:\/\/touttrace.fr\/index.php?rest_route=%2Fwp%2Fv2%2Fcomments&post=42"}],"version-history":[{"count":7,"href":"https:\/\/touttrace.fr\/index.php?rest_route=\/wp\/v2\/pages\/42\/revisions"}],"predecessor-version":[{"id":160,"href":"https:\/\/touttrace.fr\/index.php?rest_route=\/wp\/v2\/pages\/42\/revisions\/160"}],"wp:attachment":[{"href":"https:\/\/touttrace.fr\/index.php?rest_route=%2Fwp%2Fv2%2Fmedia&parent=42"}],"curies":[{"name":"wp","href":"https:\/\/api.w.org\/{rel}","templated":true}]}}