{"id":78,"date":"2017-11-06T15:39:09","date_gmt":"2017-11-06T14:39:09","guid":{"rendered":"http:\/\/touttrace.fr\/?page_id=78"},"modified":"2026-01-23T15:00:22","modified_gmt":"2026-01-23T14:00:22","slug":"je-trace-pour-vous","status":"publish","type":"page","link":"https:\/\/touttrace.fr\/?page_id=78","title":{"rendered":"Je trace pour vous !"},"content":{"rendered":"<h1>Se faire pr\u00e9parer une balade !<\/h1>\n<p>Pour b\u00e9n\u00e9ficier de l&rsquo;offre &lsquo;Je trace pour vous !&rsquo;, il convient de faire appel \u00e0 ma prestation de service sur mesure qui consiste \u00e0 vous \u00e9tablir une feuille de route* (consulter lien ci-dessous) proposant un circuit \u00e0 t\u00e9l\u00e9charger sur votre smartphone. Le trac\u00e9 propos\u00e9 vous rendra autonome dans le suivi de son itin\u00e9raire et de fa\u00e7on optionnelle mat\u00e9rialisera les points d&rsquo;int\u00e9r\u00eats s\u00e9lectionn\u00e9s selon votre convenance \u00e0 visiter ou \u00e0 d\u00e9couvrir (mus\u00e9es, monuments, ch\u00e2teaux&#8230;) ou \u00e0 pratiquer (h\u00e9bergements, restaurants&#8230;).<\/p>\n<p>La prestation d&rsquo;itin\u00e9rance s&rsquo;appuie sur un travail de rep\u00e9rage cartographique et touristique d\u00e9fini selon les besoins du demandeur : type locomotion, zone g\u00e9ographique, dur\u00e9e et difficult\u00e9, milieu naturel souhait\u00e9, 3 \u00e0 4 photos captur\u00e9es sur internet, points d&rsquo;int\u00e9r\u00eats recherch\u00e9s&#8230;<br \/>\nLe prestataire livrera <a href=\"http:\/\/touttrace.fr\/wp-content\/uploads\/2017\/11\/cirkwi_Saint-Clement-de-Riviere-Balade-en-pays-cathare-et-vers-la-Mediterranee-fr-59710.pdf\" target=\"_blank\" rel=\"noopener\">une feuille de route compl\u00e8te<\/a> au format PDF et un produit informatique &lsquo;cl\u00e9 en main&rsquo; t\u00e9l\u00e9chargeable gratuitement sur son smartphone (i-phone ou andro\u00efd uniquement) depuis la plateforme Cirkwi ou si de besoin le fichier gpx de l&rsquo;itin\u00e9raire.<br \/>\nD\u00e8s lors la prestation personnalis\u00e9e s&rsquo;\u00e9tablit suivant un tarif avantageux :<\/p>\n<p>&#8211;&gt; forfait itin\u00e9raire simple en voiture\/en moto\/\u00e0 v\u00e9lo\/\u00e0 pied &#8211; <span style=\"color: #ff0000;\"><strong>150\u20ac<\/strong><\/span> ;<br \/>\ninclus un entretien t\u00e9l\u00e9phonique\u00a0pour \u00e9tablir les bases de l&rsquo;itin\u00e9raire<br \/>\ninclus validation par demandeur avec 1 version corrective admise<br \/>\ninclus un itin\u00e9raire ne d\u00e9passant pas 100 km (Auto\/Moto), 30 km (v\u00e9lo, VTT), 15 km (\u00e0 pied)<\/p>\n<p>&#8211;&gt; forfait itin\u00e9raire privil\u00e8ge en voiture\/en moto\/\u00e0 v\u00e9lo\/\u00e0 pied &#8211; <span style=\"color: #ff0000;\"><strong>250\u20ac<\/strong><\/span><br \/>\ninclus un entretien t\u00e9l\u00e9phonique\u00a0pour \u00e9tablir les bases de l&rsquo;itin\u00e9raire<br \/>\ninclus validation par demandeur avec 1 version corrective admise<br \/>\ninclus l&rsquo;option points d&rsquo;int\u00e9r\u00eat \u00e0 d\u00e9finir avec demandeur (sur devis compl\u00e9mentaire selon demande jug\u00e9e plus complexe)<\/p>\n<p>&#8211;&gt; forfait randonn\u00e9e en voiture\/en moto\/\u00e0 v\u00e9lo\/\u00e0 pied &#8211;\u00a0<strong><span style=\"color: #ff0000;\">sur devis<\/span><\/strong><span style=\"color: #000000;\"> inclus l&rsquo;\u00e9tude d&rsquo;itin\u00e9raire et son trac\u00e9 avec propositions de points d&rsquo;int\u00e9r\u00eats et d&rsquo;h\u00e9bergement&#8230;<\/span><\/p>\n<p><span style=\"color: #ff0000;\">Il est temps de prendre la route en vous procurant sans plus tarder l&rsquo;itin\u00e9raire\u00a0 qui saura vous guider sur les chemins de France en toute efficacit\u00e9 et confidentialit\u00e9 cela va sans dire&#8230;<\/span><\/p>\n<p style=\"text-align: right;\"><a href=\"http:\/\/touttrace.fr\/\">retour accueil<\/a><\/p>\n","protected":false},"excerpt":{"rendered":"<p>Se faire pr\u00e9parer une balade ! Pour b\u00e9n\u00e9ficier de l&rsquo;offre &lsquo;Je trace pour vous !&rsquo;, il convient de faire appel \u00e0 ma prestation de service sur mesure qui consiste \u00e0 vous \u00e9tablir une feuille de route* (consulter lien ci-dessous) proposant un circuit \u00e0 t\u00e9l\u00e9charger sur votre smartphone. Le trac\u00e9 propos\u00e9 vous rendra autonome dans le &hellip; <\/p>\n<p class=\"link-more\"><a href=\"https:\/\/touttrace.fr\/?page_id=78\" class=\"more-link\">Continuer la lecture<span class=\"screen-reader-text\"> de &laquo;&nbsp;Je trace pour vous !&nbsp;&raquo;<\/span><\/a><\/p>\n","protected":false},"author":1,"featured_media":0,"parent":0,"menu_order":0,"comment_status":"closed","ping_status":"closed","template":"","meta":[],"yoast_head":"<!-- This site is optimized with the Yoast SEO plugin v15.6.2 - https:\/\/yoast.com\/wordpress\/plugins\/seo\/ -->\n<title>Je trace pour vous ! - Tout Trac\u00e9<\/title>\n<meta name=\"robots\" content=\"index, follow, max-snippet:-1, max-image-preview:large, max-video-preview:-1\" \/>\n<link rel=\"canonical\" href=\"https:\/\/touttrace.fr\/?page_id=78\" \/>\n<meta property=\"og:locale\" content=\"fr_FR\" \/>\n<meta property=\"og:type\" content=\"article\" \/>\n<meta property=\"og:title\" content=\"Je trace pour vous ! - Tout Trac\u00e9\" \/>\n<meta property=\"og:description\" content=\"Se faire pr\u00e9parer une balade ! Pour b\u00e9n\u00e9ficier de l&rsquo;offre &lsquo;Je trace pour vous !&rsquo;, il convient de faire appel \u00e0 ma prestation de service sur mesure qui consiste \u00e0 vous \u00e9tablir une feuille de route* (consulter lien ci-dessous) proposant un circuit \u00e0 t\u00e9l\u00e9charger sur votre smartphone. Le trac\u00e9 propos\u00e9 vous rendra autonome dans le &hellip; Continuer la lecture de &laquo;&nbsp;Je trace pour vous !&nbsp;&raquo;\" \/>\n<meta property=\"og:url\" content=\"https:\/\/touttrace.fr\/?page_id=78\" \/>\n<meta property=\"og:site_name\" content=\"Tout Trac\u00e9\" \/>\n<meta property=\"article:modified_time\" content=\"2026-01-23T14:00:22+00:00\" \/>\n<meta name=\"twitter:card\" content=\"summary_large_image\" \/>\n<meta name=\"twitter:label1\" content=\"Dur\u00e9e de lecture est.\">\n\t<meta name=\"twitter:data1\" content=\"2 minutes\">\n<script type=\"application\/ld+json\" class=\"yoast-schema-graph\">{\"@context\":\"https:\/\/schema.org\",\"@graph\":[{\"@type\":\"WebSite\",\"@id\":\"https:\/\/touttrace.fr\/#website\",\"url\":\"https:\/\/touttrace.fr\/\",\"name\":\"Tout Trac\\u00e9\",\"description\":\"Je trace pour vous !\",\"potentialAction\":[{\"@type\":\"SearchAction\",\"target\":\"https:\/\/touttrace.fr\/?s={search_term_string}\",\"query-input\":\"required name=search_term_string\"}],\"inLanguage\":\"fr-FR\"},{\"@type\":\"WebPage\",\"@id\":\"https:\/\/touttrace.fr\/?page_id=78#webpage\",\"url\":\"https:\/\/touttrace.fr\/?page_id=78\",\"name\":\"Je trace pour vous ! - Tout Trac\\u00e9\",\"isPartOf\":{\"@id\":\"https:\/\/touttrace.fr\/#website\"},\"datePublished\":\"2017-11-06T14:39:09+00:00\",\"dateModified\":\"2026-01-23T14:00:22+00:00\",\"inLanguage\":\"fr-FR\",\"potentialAction\":[{\"@type\":\"ReadAction\",\"target\":[\"https:\/\/touttrace.fr\/?page_id=78\"]}]}]}<\/script>\n<!-- \/ Yoast SEO plugin. -->","_links":{"self":[{"href":"https:\/\/touttrace.fr\/index.php?rest_route=\/wp\/v2\/pages\/78"}],"collection":[{"href":"https:\/\/touttrace.fr\/index.php?rest_route=\/wp\/v2\/pages"}],"about":[{"href":"https:\/\/touttrace.fr\/index.php?rest_route=\/wp\/v2\/types\/page"}],"author":[{"embeddable":true,"href":"https:\/\/touttrace.fr\/index.php?rest_route=\/wp\/v2\/users\/1"}],"replies":[{"embeddable":true,"href":"https:\/\/touttrace.fr\/index.php?rest_route=%2Fwp%2Fv2%2Fcomments&post=78"}],"version-history":[{"count":13,"href":"https:\/\/touttrace.fr\/index.php?rest_route=\/wp\/v2\/pages\/78\/revisions"}],"predecessor-version":[{"id":292,"href":"https:\/\/touttrace.fr\/index.php?rest_route=\/wp\/v2\/pages\/78\/revisions\/292"}],"wp:attachment":[{"href":"https:\/\/touttrace.fr\/index.php?rest_route=%2Fwp%2Fv2%2Fmedia&parent=78"}],"curies":[{"name":"wp","href":"https:\/\/api.w.org\/{rel}","templated":true}]}}